{"id":481,"date":"2018-06-29T09:05:22","date_gmt":"2018-06-29T09:05:22","guid":{"rendered":"https:\/\/rotulosotesa.pilvia.site\/?page_id=481"},"modified":"2018-09-21T12:01:14","modified_gmt":"2018-09-21T12:01:14","slug":"home","status":"publish","type":"page","link":"https:\/\/rotulosotesa.com\/ca\/","title":{"rendered":"Home"},"content":{"rendered":"<p>[et_pb_section bb_built=&#8221;1&#8243; fullwidth=&#8221;on&#8221; _builder_version=&#8221;3.5.1&#8243; next_background_color=&#8221;#006ac1&#8243;][et_pb_fullwidth_slider show_image_video_mobile=&#8221;on&#8221; _builder_version=&#8221;3.5.1&#8243; auto=&#8221;on&#8221; auto_speed=&#8221;5000&#8243; auto_ignore_hover=&#8221;on&#8221;][et_pb_slide heading=&#8221;Disenny, creaci\u00f3, muntatge i instal\u00b7laci\u00f3 de r\u00e8tols.&#8221; button_text=&#8221;SABER M\u00c9S&#8221; button_link=&#8221;http:\/\/rotulosotesa.com\/ca\/diseno\/&#8221; use_bg_overlay=&#8221;off&#8221; use_text_overlay=&#8221;off&#8221; _builder_version=&#8221;3.5.1&#8243; header_font=&#8221;Times New Roman|300|||||||&#8221; header_text_align=&#8221;center&#8221; header_text_color=&#8221;#ffffff&#8221; header_font_size=&#8221;66px&#8221; header_text_shadow_style=&#8221;preset1&#8243; header_text_shadow_blur_strength=&#8221;0.08em&#8221; header_text_shadow_color=&#8221;#0c71c3&#8243; background_image=&#8221;https:\/\/rotulosotesa.pilvia.site\/wp-content\/uploads\/2018\/07\/bannertorutlos-2.jpg&#8221; custom_button=&#8221;on&#8221; button_bg_color=&#8221;#0c71c3&#8243; button_border_color=&#8221;rgba(0,0,0,0)&#8221; button_border_radius=&#8221;100px&#8221; button_font=&#8221;|700|||||||&#8221; button_use_icon=&#8221;on&#8221; button_on_hover=&#8221;on&#8221; box_shadow_style_button=&#8221;preset1&#8243; background_color=&#8221;#7EBEC5&#8243; use_background_color_gradient=&#8221;off&#8221; background_color_gradient_start=&#8221;#2b87da&#8221; background_color_gradient_end=&#8221;#29c4a9&#8243; background_color_gradient_type=&#8221;linear&#8221; background_color_gradient_direction=&#8221;180deg&#8221; background_color_gradient_direction_radial=&#8221;center&#8221; background_color_gradient_start_position=&#8221;0%&#8221; background_color_gradient_end_position=&#8221;100%&#8221; background_color_gradient_overlays_image=&#8221;off&#8221; parallax=&#8221;off&#8221; parallax_method=&#8221;on&#8221; background_size=&#8221;cover&#8221; background_position=&#8221;center&#8221; background_repeat=&#8221;no-repeat&#8221; background_blend=&#8221;normal&#8221; allow_player_pause=&#8221;off&#8221; background_video_pause_outside_viewport=&#8221;on&#8221; text_border_radius=&#8221;3&#8243; alignment=&#8221;center&#8221; child_filter_hue_rotate=&#8221;0deg&#8221; child_filter_saturate=&#8221;100%&#8221; child_filter_brightness=&#8221;100%&#8221; child_filter_contrast=&#8221;100%&#8221; child_filter_invert=&#8221;0%&#8221; child_filter_sepia=&#8221;0%&#8221; child_filter_opacity=&#8221;100%&#8221; child_filter_blur=&#8221;0px&#8221; child_mix_blend_mode=&#8221;normal&#8221; background_layout=&#8221;dark&#8221; text_shadow_style=&#8221;none&#8221; header_font_size_tablet=&#8221;66px&#8221; header_font_size_phone=&#8221;66px&#8221; header_text_shadow_horizontal_length=&#8221;0em&#8221; header_text_shadow_vertical_length=&#8221;0.1em&#8221; body_text_shadow_style=&#8221;none&#8221; button_bg_use_color_gradient=&#8221;off&#8221; button_bg_color_gradient_overlays_image=&#8221;off&#8221; button_text_shadow_style=&#8221;none&#8221; box_shadow_horizontal_button=&#8221;0px&#8221; box_shadow_vertical_button=&#8221;2px&#8221; box_shadow_blur_button=&#8221;18px&#8221; box_shadow_spread_button=&#8221;0px&#8221; \/][et_pb_slide heading=&#8221;Disenny, creaci\u00f3, muntatge i instal\u00b7laci\u00f3 de r\u00e8tols.&#8221; button_text=&#8221;SABER M\u00c9S&#8221; button_link=&#8221;http:\/\/rotulosotesa.com\/ca\/diseno\/&#8221; use_bg_overlay=&#8221;off&#8221; use_text_overlay=&#8221;off&#8221; _builder_version=&#8221;3.5.1&#8243; header_font=&#8221;Times New Roman|300|||||||&#8221; header_text_align=&#8221;center&#8221; header_text_color=&#8221;#ffffff&#8221; header_font_size=&#8221;66px&#8221; header_text_shadow_style=&#8221;preset1&#8243; header_text_shadow_blur_strength=&#8221;0.08em&#8221; header_text_shadow_color=&#8221;#0c71c3&#8243; background_image=&#8221;https:\/\/rotulosotesa.pilvia.site\/wp-content\/uploads\/2018\/07\/obrerorotulos.jpg&#8221; custom_button=&#8221;on&#8221; button_bg_color=&#8221;#0c71c3&#8243; button_border_color=&#8221;rgba(0,0,0,0)&#8221; button_border_radius=&#8221;100px&#8221; button_font=&#8221;|700|||||||&#8221; button_use_icon=&#8221;on&#8221; button_on_hover=&#8221;on&#8221; background_color=&#8221;#7EBEC5&#8243; use_background_color_gradient=&#8221;off&#8221; background_color_gradient_start=&#8221;#2b87da&#8221; background_color_gradient_end=&#8221;#29c4a9&#8243; background_color_gradient_type=&#8221;linear&#8221; background_color_gradient_direction=&#8221;180deg&#8221; background_color_gradient_direction_radial=&#8221;center&#8221; background_color_gradient_start_position=&#8221;0%&#8221; background_color_gradient_end_position=&#8221;100%&#8221; background_color_gradient_overlays_image=&#8221;off&#8221; parallax=&#8221;off&#8221; parallax_method=&#8221;on&#8221; background_size=&#8221;cover&#8221; background_position=&#8221;center&#8221; background_repeat=&#8221;no-repeat&#8221; background_blend=&#8221;normal&#8221; allow_player_pause=&#8221;off&#8221; background_video_pause_outside_viewport=&#8221;on&#8221; text_border_radius=&#8221;3&#8243; alignment=&#8221;center&#8221; child_filter_hue_rotate=&#8221;0deg&#8221; child_filter_saturate=&#8221;100%&#8221; child_filter_brightness=&#8221;100%&#8221; child_filter_contrast=&#8221;100%&#8221; child_filter_invert=&#8221;0%&#8221; child_filter_sepia=&#8221;0%&#8221; child_filter_opacity=&#8221;100%&#8221; child_filter_blur=&#8221;0px&#8221; child_mix_blend_mode=&#8221;normal&#8221; background_layout=&#8221;dark&#8221; text_shadow_style=&#8221;none&#8221; header_font_size_tablet=&#8221;66px&#8221; header_font_size_phone=&#8221;66px&#8221; header_text_shadow_horizontal_length=&#8221;0em&#8221; header_text_shadow_vertical_length=&#8221;0.1em&#8221; body_text_shadow_style=&#8221;none&#8221; button_bg_use_color_gradient=&#8221;off&#8221; button_bg_color_gradient_overlays_image=&#8221;off&#8221; button_text_shadow_style=&#8221;none&#8221; box_shadow_style_button=&#8221;none&#8221; \/][\/et_pb_fullwidth_slider][\/et_pb_section][et_pb_section bb_built=&#8221;1&#8243; admin_label=&#8221;Promo Banner&#8221; _builder_version=&#8221;3.5.1&#8243; background_color=&#8221;#006ac1&#8243; custom_padding=&#8221;0|0px|0|0px|false|false&#8221; prev_background_color=&#8221;#ffffff&#8221; next_background_color=&#8221;#ffffff&#8221;][et_pb_row custom_padding=&#8221;28px|0px|27px|0px|false|false&#8221; _builder_version=&#8221;3.0.92&#8243;][et_pb_column type=&#8221;4_4&#8243;][et_pb_text _builder_version=&#8221;3.5.1&#8243; text_font_size=&#8221;16px&#8221; link_font=&#8221;|600|||on||||&#8221; link_text_color=&#8221;rgba(12,12,12,0.59)&#8221; header_2_font=&#8221;Alice||||||||&#8221; header_2_line_height=&#8221;1.5em&#8221; text_orientation=&#8221;center&#8221; background_layout=&#8221;dark&#8221;]<\/p>\n<h2>Garantia de qualitat<\/h2>\n<p>[\/et_pb_text][\/et_pb_column][\/et_pb_row][\/et_pb_section][et_pb_section bb_built=&#8221;1&#8243; admin_label=&#8221;Our Specialties Section&#8221; _builder_version=&#8221;3.0.89&#8243; custom_padding=&#8221;50px||50px||false|false&#8221; prev_background_color=&#8221;#006ac1&#8243; next_background_color=&#8221;rgba(12,113,195,0.6)&#8221;][et_pb_row admin_label=&#8221;Title Area&#8221; _builder_version=&#8221;3.0.89&#8243;][et_pb_column type=&#8221;4_4&#8243;][et_pb_text admin_label=&#8221;Title&#8221; _builder_version=&#8221;3.5.1&#8243; header_text_color=&#8221;#0c71c3&#8243; header_2_font=&#8221;Alice||||||||&#8221; header_2_text_align=&#8221;center&#8221; header_2_font_size=&#8221;42px&#8221; header_2_line_height=&#8221;1.3em&#8221; custom_margin=&#8221;||20px|&#8221; animation_style=&#8221;slide&#8221; animation_direction=&#8221;top&#8221; animation_intensity_slide=&#8221;30%&#8221; animation_starting_opacity=&#8221;100%&#8221;]<\/p>\n<div id=\"wowslider-container1\">\n<div class=\"ws-title\"><\/div>\n<\/div>\n<div id=\"content\">\n<div id=\"contener1\">\n<h1 style=\"text-align: center;\"><strong>Disseny de R\u00e8tols, creaci\u00f3 de r\u00e8tols, muntatge i instal\u00b7laci\u00f3 de r\u00e8tols<\/strong><\/h1>\n<\/div>\n<\/div>\n<p>[\/et_pb_text][et_pb_text admin_label=&#8221;Subtitle&#8221; _builder_version=&#8221;3.5.1&#8243; text_font_size=&#8221;16px&#8221; text_line_height=&#8221;1.8em&#8221; text_orientation=&#8221;center&#8221; max_width=&#8221;700px&#8221; module_alignment=&#8221;center&#8221; animation_style=&#8221;slide&#8221; animation_direction=&#8221;top&#8221; animation_intensity_slide=&#8221;20%&#8221; animation_starting_opacity=&#8221;100%&#8221;]<\/p>\n<p>Som una empresa especialitzada en r\u00e8tols, formada per experts professionals que sabem que en un projecte de senyalitzaci\u00f3 requereix temps, coneixements, experi\u00e8ncia &#8230; en definitiva, un treball coordinat entre experts de diversos camps. \u00c9s la uni\u00f3 de tots nosaltres el que ens permet oferir-li un servei integral i, intercanviar coneixements des de la concepci\u00f3 de la idea fins a la realitzaci\u00f3 i muntatge final. Fundada el 1969 amb una extensa experi\u00e8ncia en la fabricaci\u00f3 i instal\u00b7laci\u00f3 de tot tipus de r\u00e8tols. La nostra millor targeta de presentaci\u00f3:<strong> ELS NOSTRES CLIENTS<\/strong>.<\/p>\n<p>[\/et_pb_text][\/et_pb_column][\/et_pb_row][\/et_pb_section][et_pb_section bb_built=&#8221;1&#8243; admin_label=&#8221;Special Offer Section&#8221; _builder_version=&#8221;3.5.1&#8243; background_color=&#8221;rgba(12,113,195,0.6)&#8221; use_background_color_gradient=&#8221;on&#8221; background_color_gradient_start=&#8221;rgba(235,235,235,0)&#8221; background_color_gradient_end=&#8221;#eaeaea&#8221; background_color_gradient_end_position=&#8221;85%&#8221; background_color_gradient_overlays_image=&#8221;on&#8221; background_image=&#8221;http:\/\/localhost:8888\/divi\/wp-content\/uploads\/2018\/02\/florist-02-1.jpg&#8221; custom_padding=&#8221;50px|0px|50px|0px|false|false&#8221; prev_background_color=&#8221;#ffffff&#8221; next_background_color=&#8221;#0c71c3&#8243;][et_pb_row _builder_version=&#8221;3.0.92&#8243;][et_pb_column type=&#8221;1_4&#8243;][et_pb_divider color=&#8221;#0C71C3&#8243; divider_weight=&#8221;3px&#8221; _builder_version=&#8221;3.5.1&#8243; max_width=&#8221;50px&#8221; module_alignment=&#8221;center&#8221; custom_margin=&#8221;||10px|&#8221; animation_style=&#8221;slide&#8221; animation_direction=&#8221;top&#8221; animation_intensity_slide=&#8221;30%&#8221; animation_starting_opacity=&#8221;100%&#8221; \/][et_pb_text _builder_version=&#8221;3.5.1&#8243; text_font=&#8221;|700|||||||&#8221; text_font_size=&#8221;16px&#8221; text_line_height=&#8221;1.8em&#8221; custom_margin=&#8221;||0px|&#8221; custom_padding=&#8221;|||&#8221; animation_style=&#8221;fold&#8221; animation_direction=&#8221;bottom&#8221; animation_starting_opacity=&#8221;100%&#8221;]<\/p>\n<p style=\"text-align: center;\">DISSENY DE R\u00c8TOLS<\/p>\n<p>[\/et_pb_text][et_pb_text _builder_version=&#8221;3.5.1&#8243; text_font_size=&#8221;16px&#8221; text_line_height=&#8221;1.8em&#8221; custom_margin=&#8221;10px|||&#8221; custom_padding=&#8221;|||&#8221; animation_style=&#8221;slide&#8221; animation_direction=&#8221;left&#8221; animation_intensity_slide=&#8221;5%&#8221; animation_starting_opacity=&#8221;100%&#8221;]<\/p>\n<p style=\"text-align: center;\">Tot disseny parteix d&#8217;una idea, i una idea desencadena un projecte.<\/p>\n<p>[\/et_pb_text][et_pb_button button_url=&#8221;http:\/\/rotulosotesa.com\/ca\/diseno\/&#8221; button_text=&#8221;Saber M\u00e9s&#8221; button_alignment=&#8221;center&#8221; _builder_version=&#8221;3.5.1&#8243; custom_button=&#8221;on&#8221; button_text_size=&#8221;15px&#8221; button_text_color=&#8221;#ffffff&#8221; button_bg_color=&#8221;#0c71c3&#8243; button_border_width=&#8221;0px&#8221; button_border_color=&#8221;#ffffff&#8221; button_border_radius=&#8221;100px&#8221; button_letter_spacing=&#8221;2px&#8221; button_font=&#8221;|700||on|||||&#8221; button_use_icon=&#8221;off&#8221; button_text_color_hover=&#8221;#0c71c3&#8243; button_bg_color_hover=&#8221;#ffffff&#8221; button_border_color_hover=&#8221;#0c71c3&#8243; button_letter_spacing_hover=&#8221;2px&#8221; custom_padding=&#8221;16px|30px|16px|30px&#8221; animation_style=&#8221;slide&#8221; animation_direction=&#8221;left&#8221; animation_intensity_slide=&#8221;10%&#8221; animation_starting_opacity=&#8221;100%&#8221; \/][\/et_pb_column][et_pb_column type=&#8221;1_4&#8243;][et_pb_divider color=&#8221;#0C71C3&#8243; divider_weight=&#8221;3px&#8221; _builder_version=&#8221;3.5.1&#8243; max_width=&#8221;50px&#8221; module_alignment=&#8221;center&#8221; custom_margin=&#8221;||10px|&#8221; animation_style=&#8221;slide&#8221; animation_direction=&#8221;top&#8221; animation_intensity_slide=&#8221;30%&#8221; animation_starting_opacity=&#8221;100%&#8221; \/][et_pb_text _builder_version=&#8221;3.5.1&#8243; text_font=&#8221;|700|||||||&#8221; text_font_size=&#8221;16px&#8221; text_line_height=&#8221;1.8em&#8221; custom_margin=&#8221;||0px|&#8221; custom_padding=&#8221;|||&#8221; animation_style=&#8221;fold&#8221; animation_direction=&#8221;bottom&#8221; animation_starting_opacity=&#8221;100%&#8221;]<\/p>\n<p style=\"text-align: center;\">CREACI\u00d3 DE R\u00c8TOLS<\/p>\n<p>[\/et_pb_text][et_pb_text _builder_version=&#8221;3.5.1&#8243; text_font_size=&#8221;16px&#8221; text_line_height=&#8221;1.8em&#8221; custom_margin=&#8221;10px|||&#8221; custom_padding=&#8221;|||&#8221; animation_style=&#8221;slide&#8221; animation_direction=&#8221;left&#8221; animation_intensity_slide=&#8221;5%&#8221; animation_starting_opacity=&#8221;100%&#8221;]<\/p>\n<p style=\"text-align: center;\">En l&#8217;apartat de creaci\u00f3 podr\u00e0 veure com treballem, i com creem idees.<\/p>\n<p>[\/et_pb_text][et_pb_button button_url=&#8221;http:\/\/rotulosotesa.com\/ca\/creacion\/&#8221; button_text=&#8221;Saber M\u00e9s&#8221; button_alignment=&#8221;center&#8221; _builder_version=&#8221;3.5.1&#8243; custom_button=&#8221;on&#8221; button_text_size=&#8221;15px&#8221; button_text_color=&#8221;#ffffff&#8221; button_bg_color=&#8221;#0c71c3&#8243; button_border_width=&#8221;0px&#8221; button_border_color=&#8221;#ffffff&#8221; button_border_radius=&#8221;100px&#8221; button_letter_spacing=&#8221;2px&#8221; button_font=&#8221;|700||on|||||&#8221; button_use_icon=&#8221;off&#8221; button_text_color_hover=&#8221;#0c71c3&#8243; button_bg_color_hover=&#8221;#ffffff&#8221; button_border_color_hover=&#8221;#0c71c3&#8243; button_letter_spacing_hover=&#8221;2px&#8221; custom_padding=&#8221;16px|30px|16px|30px&#8221; animation_style=&#8221;slide&#8221; animation_direction=&#8221;left&#8221; animation_intensity_slide=&#8221;10%&#8221; animation_starting_opacity=&#8221;100%&#8221; \/][\/et_pb_column][et_pb_column type=&#8221;1_4&#8243;][et_pb_divider color=&#8221;#0C71C3&#8243; divider_weight=&#8221;3px&#8221; _builder_version=&#8221;3.5.1&#8243; max_width=&#8221;50px&#8221; module_alignment=&#8221;center&#8221; custom_margin=&#8221;||10px|&#8221; animation_style=&#8221;slide&#8221; animation_direction=&#8221;top&#8221; animation_intensity_slide=&#8221;30%&#8221; animation_starting_opacity=&#8221;100%&#8221; \/][et_pb_text _builder_version=&#8221;3.5.1&#8243; text_font=&#8221;|700|||||||&#8221; text_font_size=&#8221;16px&#8221; text_line_height=&#8221;1.8em&#8221; custom_margin=&#8221;||0px|&#8221; custom_padding=&#8221;|||&#8221; animation_style=&#8221;fold&#8221; animation_direction=&#8221;bottom&#8221; animation_starting_opacity=&#8221;100%&#8221;]<\/p>\n<p style=\"text-align: center;\">MUNTATGE DE R\u00c8TOLS<\/p>\n<p>[\/et_pb_text][et_pb_text _builder_version=&#8221;3.5.1&#8243; text_font_size=&#8221;16px&#8221; text_line_height=&#8221;1.8em&#8221; custom_margin=&#8221;10px|||&#8221; custom_padding=&#8221;|||&#8221; animation_style=&#8221;slide&#8221; animation_direction=&#8221;left&#8221; animation_intensity_slide=&#8221;5%&#8221; animation_starting_opacity=&#8221;100%&#8221;]<\/p>\n<p style=\"text-align: center;\">Comptem amb els mitjans\u00a0 t\u00e8cnics i el personal\u00a0 qualificat.<\/p>\n<p>[\/et_pb_text][et_pb_button button_url=&#8221;http:\/\/rotulosotesa.com\/ca\/montaje\/&#8221; button_text=&#8221;Saber M\u00e9s&#8221; button_alignment=&#8221;center&#8221; _builder_version=&#8221;3.5.1&#8243; custom_button=&#8221;on&#8221; button_text_size=&#8221;15px&#8221; button_text_color=&#8221;#ffffff&#8221; button_bg_color=&#8221;#0c71c3&#8243; button_border_width=&#8221;0px&#8221; button_border_color=&#8221;#ffffff&#8221; button_border_radius=&#8221;100px&#8221; button_letter_spacing=&#8221;2px&#8221; button_font=&#8221;|700||on|||||&#8221; button_use_icon=&#8221;off&#8221; button_text_color_hover=&#8221;#0c71c3&#8243; button_bg_color_hover=&#8221;#ffffff&#8221; button_border_color_hover=&#8221;#0c71c3&#8243; button_letter_spacing_hover=&#8221;2px&#8221; custom_padding=&#8221;16px|30px|16px|30px&#8221; animation_style=&#8221;slide&#8221; animation_direction=&#8221;left&#8221; animation_intensity_slide=&#8221;10%&#8221; animation_starting_opacity=&#8221;100%&#8221; \/][\/et_pb_column][et_pb_column type=&#8221;1_4&#8243;][et_pb_divider color=&#8221;#0C71C3&#8243; divider_weight=&#8221;3px&#8221; _builder_version=&#8221;3.5.1&#8243; max_width=&#8221;50px&#8221; module_alignment=&#8221;center&#8221; custom_margin=&#8221;||10px|&#8221; animation_style=&#8221;slide&#8221; animation_direction=&#8221;top&#8221; animation_intensity_slide=&#8221;30%&#8221; animation_starting_opacity=&#8221;100%&#8221; \/][et_pb_text _builder_version=&#8221;3.5.1&#8243; text_font=&#8221;|700|||||||&#8221; text_font_size=&#8221;16px&#8221; text_line_height=&#8221;1.8em&#8221; custom_margin=&#8221;||0px|&#8221; custom_padding=&#8221;|||&#8221; animation_style=&#8221;fold&#8221; animation_direction=&#8221;bottom&#8221; animation_starting_opacity=&#8221;100%&#8221;]<\/p>\n<p style=\"text-align: center;\">INSTAL\u00b7LACI\u00d3 DE R\u00c8TOLS<\/p>\n<p>[\/et_pb_text][et_pb_text _builder_version=&#8221;3.5.1&#8243; text_font_size=&#8221;16px&#8221; text_line_height=&#8221;1.8em&#8221; custom_margin=&#8221;10px|||&#8221; custom_padding=&#8221;|||&#8221; animation_style=&#8221;slide&#8221; animation_direction=&#8221;left&#8221; animation_intensity_slide=&#8221;5%&#8221; animation_starting_opacity=&#8221;100%&#8221;]<\/p>\n<p style=\"text-align: center;\">Instal\u00b7lem tot tipus de r\u00e8tols, des mon\u00f2lits a r\u00e8tols lluminosos.<\/p>\n<p>[\/et_pb_text][et_pb_button button_url=&#8221;http:\/\/rotulosotesa.com\/ca\/instalacion\/&#8221; button_text=&#8221;Saber M\u00e9s&#8221; button_alignment=&#8221;center&#8221; _builder_version=&#8221;3.5.1&#8243; custom_button=&#8221;on&#8221; button_text_size=&#8221;15px&#8221; button_text_color=&#8221;#ffffff&#8221; button_bg_color=&#8221;#0c71c3&#8243; button_border_width=&#8221;0px&#8221; button_border_color=&#8221;#ffffff&#8221; button_border_radius=&#8221;100px&#8221; button_letter_spacing=&#8221;2px&#8221; button_font=&#8221;|700||on|||||&#8221; button_use_icon=&#8221;off&#8221; button_text_color_hover=&#8221;#0c71c3&#8243; button_bg_color_hover=&#8221;#ffffff&#8221; button_border_color_hover=&#8221;#0c71c3&#8243; button_letter_spacing_hover=&#8221;2px&#8221; custom_padding=&#8221;16px|30px|16px|30px&#8221; animation_style=&#8221;slide&#8221; animation_direction=&#8221;left&#8221; animation_intensity_slide=&#8221;10%&#8221; animation_starting_opacity=&#8221;100%&#8221; \/][\/et_pb_column][\/et_pb_row][\/et_pb_section][et_pb_section bb_built=&#8221;1&#8243; admin_label=&#8221;Promo Banner&#8221; _builder_version=&#8221;3.5.1&#8243; background_color=&#8221;#0c71c3&#8243; custom_padding=&#8221;0|0px|0px|0px|false|false&#8221; locked=&#8221;off&#8221; prev_background_color=&#8221;rgba(12,113,195,0.6)&#8221; next_background_color=&#8221;#f7f7f7&#8243;][et_pb_row _builder_version=&#8221;3.0.92&#8243;][et_pb_column type=&#8221;4_4&#8243;][et_pb_text _builder_version=&#8221;3.5.1&#8243; text_font_size=&#8221;12px&#8221; link_font=&#8221;|600|||on||||&#8221; link_text_color=&#8221;rgba(12,12,12,0.59)&#8221; header_font_size=&#8221;21px&#8221; header_2_font=&#8221;Alice||||||||&#8221; header_2_line_height=&#8221;1.5em&#8221; text_orientation=&#8221;center&#8221; background_layout=&#8221;dark&#8221;]<\/p>\n<h2>Realitzem, tractem i manipulem tot tipus de materials en retolaci\u00f3 i per a senyalitzaci\u00f3:<\/h2>\n<p>[\/et_pb_text][\/et_pb_column][\/et_pb_row][\/et_pb_section][et_pb_section bb_built=&#8221;1&#8243; admin_label=&#8221;Feature Section&#8221; _builder_version=&#8221;3.5.1&#8243; background_color=&#8221;#f7f7f7&#8243; background_image=&#8221;http:\/\/localhost:8888\/divi\/wp-content\/uploads\/2018\/02\/7_img.png&#8221; background_size=&#8221;contain&#8221; background_position=&#8221;bottom_center&#8221; custom_padding=&#8221;50px|0px|0px|0px|false|false&#8221; prev_background_color=&#8221;#0c71c3&#8243;][et_pb_row admin_label=&#8221;Title Area&#8221; custom_padding=&#8221;0|0px|50px|0px|false|false&#8221; _builder_version=&#8221;3.0.92&#8243; locked=&#8221;off&#8221;][et_pb_column type=&#8221;1_2&#8243;][et_pb_text admin_label=&#8221;Subtitle&#8221; _builder_version=&#8221;3.5.1&#8243; text_font_size=&#8221;16px&#8221; text_line_height=&#8221;1.8em&#8221; text_orientation=&#8221;center&#8221; max_width=&#8221;700px&#8221; module_alignment=&#8221;center&#8221; animation_style=&#8221;slide&#8221; animation_direction=&#8221;top&#8221; animation_intensity_slide=&#8221;20%&#8221; animation_starting_opacity=&#8221;100%&#8221;]<\/p>\n<ul>\n<li style=\"text-align: left;\">Ne\u00f3, pl\u00e0stics, acer, alumini, llaut\u00f3, pintura &#8230;<\/li>\n<li style=\"text-align: left;\">Lletres corp\u00f2ries<\/li>\n<li style=\"text-align: left;\">Expositors<\/li>\n<li style=\"text-align: left;\">R\u00e8tols retroalimentats<\/li>\n<li style=\"text-align: left;\">Retolaci\u00f3 de vehicles<\/li>\n<li style=\"text-align: left;\">Plaques de metacrilat i vidre<\/li>\n<\/ul>\n<p>[\/et_pb_text][\/et_pb_column][et_pb_column type=&#8221;1_2&#8243;][et_pb_text admin_label=&#8221;Subtitle&#8221; _builder_version=&#8221;3.5.1&#8243; text_font_size=&#8221;16px&#8221; text_line_height=&#8221;1.8em&#8221; text_orientation=&#8221;center&#8221; max_width=&#8221;700px&#8221; module_alignment=&#8221;center&#8221; animation_style=&#8221;slide&#8221; animation_direction=&#8221;top&#8221; animation_intensity_slide=&#8221;20%&#8221; animation_starting_opacity=&#8221;100%&#8221;]<\/p>\n<ul>\n<li style=\"text-align: left;\">Displays lluminosos<\/li>\n<li style=\"text-align: left;\">Disseny gr\u00e0fic<\/li>\n<li style=\"text-align: left;\">Banderoles<\/li>\n<li style=\"text-align: left;\">Marquesines<\/li>\n<li style=\"text-align: left;\">Mon\u00f2lits &#8230; i tot el que vost\u00e8 vulgui imaginar<\/li>\n<li style=\"text-align: left;\">R\u00e8tols en generall<\/li>\n<\/ul>\n<p>[\/et_pb_text][\/et_pb_column][\/et_pb_row][\/et_pb_section]<\/p>\n","protected":false},"excerpt":{"rendered":"<p>Garantia de qualitat Disseny de R\u00e8tols, creaci\u00f3 de r\u00e8tols, muntatge i instal\u00b7laci\u00f3 de r\u00e8tols Som una empresa especialitzada en r\u00e8tols, formada per experts professionals que sabem que en un projecte de senyalitzaci\u00f3 requereix temps, coneixements, experi\u00e8ncia &#8230; en definitiva, un treball coordinat entre experts de diversos camps. \u00c9s la uni\u00f3 de tots nosaltres el que [&hellip;]<\/p>\n","protected":false},"author":1,"featured_media":0,"parent":0,"menu_order":0,"comment_status":"closed","ping_status":"closed","template":"","meta":{"_et_pb_use_builder":"on","_et_pb_old_content":"","_et_gb_content_width":""},"_links":{"self":[{"href":"https:\/\/rotulosotesa.com\/ca\/wp-json\/wp\/v2\/pages\/481"}],"collection":[{"href":"https:\/\/rotulosotesa.com\/ca\/wp-json\/wp\/v2\/pages"}],"about":[{"href":"https:\/\/rotulosotesa.com\/ca\/wp-json\/wp\/v2\/types\/page"}],"author":[{"embeddable":true,"href":"https:\/\/rotulosotesa.com\/ca\/wp-json\/wp\/v2\/users\/1"}],"replies":[{"embeddable":true,"href":"https:\/\/rotulosotesa.com\/ca\/wp-json\/wp\/v2\/comments?post=481"}],"version-history":[{"count":10,"href":"https:\/\/rotulosotesa.com\/ca\/wp-json\/wp\/v2\/pages\/481\/revisions"}],"predecessor-version":[{"id":688,"href":"https:\/\/rotulosotesa.com\/ca\/wp-json\/wp\/v2\/pages\/481\/revisions\/688"}],"wp:attachment":[{"href":"https:\/\/rotulosotesa.com\/ca\/wp-json\/wp\/v2\/media?parent=481"}],"curies":[{"name":"wp","href":"https:\/\/api.w.org\/{rel}","templated":true}]}}