{"id":492,"date":"2018-06-26T14:38:32","date_gmt":"2018-06-26T14:38:32","guid":{"rendered":"https:\/\/rotulosotesa.pilvia.site\/?page_id=492"},"modified":"2018-09-20T16:33:48","modified_gmt":"2018-09-20T16:33:48","slug":"contacta","status":"publish","type":"page","link":"https:\/\/rotulosotesa.com\/ca\/contacta\/","title":{"rendered":"Contacta"},"content":{"rendered":"<p>[et_pb_section bb_built=&#8221;1&#8243; _builder_version=&#8221;3.5.1&#8243; use_background_color_gradient=&#8221;on&#8221; background_color_gradient_start=&#8221;#ffffff&#8221; background_color_gradient_end=&#8221;rgba(12,113,195,0.39)&#8221;][et_pb_row _builder_version=&#8221;3.0.47&#8243; background_size=&#8221;initial&#8221; background_position=&#8221;top_left&#8221; background_repeat=&#8221;repeat&#8221;][et_pb_column type=&#8221;4_4&#8243;][et_pb_text _builder_version=&#8221;3.5.1&#8243;]<\/p>\n<h1><strong>Contacta con R\u00f3tulos Otesa<\/strong><\/h1>\n<p>[\/et_pb_text][et_pb_text _builder_version=&#8221;3.5.1&#8243;]<\/p>\n<p>Rellene este formulario y nos pondremos en contacto con usted lo antes posible.<\/p>\n<p>[\/et_pb_text][et_pb_code _builder_version=&#8221;3.5.1&#8243;]<div role=\"form\" class=\"wpcf7\" id=\"wpcf7-f649-o1\" lang=\"en-US\" dir=\"ltr\">\n<div class=\"screen-reader-response\"><p role=\"status\" aria-live=\"polite\" aria-atomic=\"true\"><\/p> <ul><\/ul><\/div>\n<form action=\"\/ca\/wp-json\/wp\/v2\/pages\/492#wpcf7-f649-o1\" method=\"post\" class=\"wpcf7-form init cf7-style minimal-brown\" novalidate=\"novalidate\" data-status=\"init\">\n<div style=\"display: none;\">\n<input type=\"hidden\" name=\"_wpcf7\" value=\"649\" \/>\n<input type=\"hidden\" name=\"_wpcf7_version\" value=\"5.6\" \/>\n<input type=\"hidden\" name=\"_wpcf7_locale\" value=\"en_US\" \/>\n<input type=\"hidden\" name=\"_wpcf7_unit_tag\" value=\"wpcf7-f649-o1\" \/>\n<input type=\"hidden\" name=\"_wpcf7_container_post\" value=\"0\" \/>\n<input type=\"hidden\" name=\"_wpcf7_posted_data_hash\" value=\"\" \/>\n<\/div>\n<p><label> Nombre<br \/>\n    <span class=\"wpcf7-form-control-wrap\" data-name=\"your-name\"><input type=\"text\" name=\"your-name\" value=\"\" size=\"40\" class=\"wpcf7-form-control wpcf7-text wpcf7-validates-as-required\" aria-required=\"true\" aria-invalid=\"false\" \/><\/span> <\/label><\/p>\n<p><label> Email<br \/>\n    <span class=\"wpcf7-form-control-wrap\" data-name=\"your-email\"><input type=\"email\" name=\"your-email\" value=\"\" size=\"40\" class=\"wpcf7-form-control wpcf7-text wpcf7-email wpcf7-validates-as-required wpcf7-validates-as-email\" aria-required=\"true\" aria-invalid=\"false\" \/><\/span> <\/label><\/p>\n<p><label> Asunto<br \/>\n    <span class=\"wpcf7-form-control-wrap\" data-name=\"your-subject\"><input type=\"text\" name=\"your-subject\" value=\"\" size=\"40\" class=\"wpcf7-form-control wpcf7-text\" aria-invalid=\"false\" \/><\/span> <\/label><\/p>\n<p><label> Mensaje<br \/>\n    <span class=\"wpcf7-form-control-wrap\" data-name=\"your-message\"><textarea name=\"your-message\" cols=\"40\" rows=\"10\" class=\"wpcf7-form-control wpcf7-textarea\" aria-invalid=\"false\"><\/textarea><\/span> <\/label><\/p>\n<p><br><span><span class=\"wpcf7-form-control-wrap\" data-name=\"acceptance-279\"><span class=\"wpcf7-form-control wpcf7-acceptance\"><span class=\"wpcf7-list-item\"><input type=\"checkbox\" name=\"acceptance-279\" value=\"1\" aria-invalid=\"false\" \/><\/span><\/span><\/span> He le\u00eddo y acepto el <a target=\"_blank\" rel=\"nofollow noopener noreferrer\" href=\"https:\/\/rotulosotesa.pilvia.site\/wp-content\/uploads\/2018\/09\/Aviso-legal-rotulosotesa.pdf\">Aviso Legal<\/a> y la <a target=\"_blank\" rel=\"nofollow noopener noreferrer\" href=\"https:\/\/rotulosotesa.pilvia.site\/wp-content\/uploads\/2018\/09\/Aviso-legal-rotulosotesa.pdf\">Pol\u00edtica de Privacidad<\/a>.<\/span><br><br><span><span class=\"wpcf7-form-control-wrap\" data-name=\"acceptance-414\"><span class=\"wpcf7-form-control wpcf7-acceptance\"><span class=\"wpcf7-list-item\"><input type=\"checkbox\" name=\"acceptance-414\" value=\"1\" aria-invalid=\"false\" \/><\/span><\/span><\/span> Declaro, bajo mi propia responsabilidad, ser mayor de 18 a\u00f1os y respondo de manera exclusiva de la veracidad de dicha declaraci\u00f3n.<\/span><br><br><span><span class=\"wpcf7-form-control-wrap\" data-name=\"acceptance-415\"><span class=\"wpcf7-form-control wpcf7-acceptance\"><span class=\"wpcf7-list-item\"><input type=\"checkbox\" name=\"acceptance-415\" value=\"1\" aria-invalid=\"false\" \/><\/span><\/span><\/span> Acepto recibir la informaci\u00f3n que la entidad considere oportuno enviarme por correo electr\u00f3nico o medio de comunicaci\u00f3n electr\u00f3nica equivalente. (Es posible darse de baja en cualquier momento).<\/span><br><input type=\"submit\" value=\"Enviar\" class=\"wpcf7-form-control has-spinner wpcf7-submit\" \/><\/p>\n<div class=\"wpcf7-response-output\" aria-hidden=\"true\"><\/div><\/form><\/div>[\/et_pb_code][\/et_pb_column][\/et_pb_row][\/et_pb_section]<\/p>\n","protected":false},"excerpt":{"rendered":"<p>Contacta con R\u00f3tulos Otesa Rellene este formulario y nos pondremos en contacto con usted lo antes posible. <div role=\"form\" class=\"wpcf7\" id=\"wpcf7-f649-o2\" lang=\"en-US\" dir=\"ltr\">\n<div class=\"screen-reader-response\"><p role=\"status\" aria-live=\"polite\" aria-atomic=\"true\"><\/p> <ul><\/ul><\/div>\n<form action=\"\/ca\/wp-json\/wp\/v2\/pages\/492#wpcf7-f649-o2\" method=\"post\" class=\"wpcf7-form init cf7-style minimal-brown\" novalidate=\"novalidate\" data-status=\"init\">\n<div style=\"display: none;\">\n<input type=\"hidden\" name=\"_wpcf7\" value=\"649\" \/>\n<input type=\"hidden\" name=\"_wpcf7_version\" value=\"5.6\" \/>\n<input type=\"hidden\" name=\"_wpcf7_locale\" value=\"en_US\" \/>\n<input type=\"hidden\" name=\"_wpcf7_unit_tag\" value=\"wpcf7-f649-o2\" \/>\n<input type=\"hidden\" name=\"_wpcf7_container_post\" value=\"0\" \/>\n<input type=\"hidden\" name=\"_wpcf7_posted_data_hash\" value=\"\" \/>\n<\/div>\n<p><label> Nombre<br \/>\n    <span class=\"wpcf7-form-control-wrap\" data-name=\"your-name\"><input type=\"text\" name=\"your-name\" value=\"\" size=\"40\" class=\"wpcf7-form-control wpcf7-text wpcf7-validates-as-required\" aria-required=\"true\" aria-invalid=\"false\" \/><\/span> <\/label><\/p>\n<p><label> Email<br \/>\n    <span class=\"wpcf7-form-control-wrap\" data-name=\"your-email\"><input type=\"email\" name=\"your-email\" value=\"\" size=\"40\" class=\"wpcf7-form-control wpcf7-text wpcf7-email wpcf7-validates-as-required wpcf7-validates-as-email\" aria-required=\"true\" aria-invalid=\"false\" \/><\/span> <\/label><\/p>\n<p><label> Asunto<br \/>\n    <span class=\"wpcf7-form-control-wrap\" data-name=\"your-subject\"><input type=\"text\" name=\"your-subject\" value=\"\" size=\"40\" class=\"wpcf7-form-control wpcf7-text\" aria-invalid=\"false\" \/><\/span> <\/label><\/p>\n<p><label> Mensaje<br \/>\n    <span class=\"wpcf7-form-control-wrap\" data-name=\"your-message\"><textarea name=\"your-message\" cols=\"40\" rows=\"10\" class=\"wpcf7-form-control wpcf7-textarea\" aria-invalid=\"false\"><\/textarea><\/span> <\/label><\/p>\n<p><br><span><span class=\"wpcf7-form-control-wrap\" data-name=\"acceptance-279\"><span class=\"wpcf7-form-control wpcf7-acceptance\"><span class=\"wpcf7-list-item\"><input type=\"checkbox\" name=\"acceptance-279\" value=\"1\" aria-invalid=\"false\" \/><\/span><\/span><\/span> He le\u00eddo y acepto el <a target=\"_blank\" rel=\"nofollow noopener noreferrer\" href=\"https:\/\/rotulosotesa.pilvia.site\/wp-content\/uploads\/2018\/09\/Aviso-legal-rotulosotesa.pdf\">Aviso Legal<\/a> y la <a target=\"_blank\" rel=\"nofollow noopener noreferrer\" href=\"https:\/\/rotulosotesa.pilvia.site\/wp-content\/uploads\/2018\/09\/Aviso-legal-rotulosotesa.pdf\">Pol\u00edtica de Privacidad<\/a>.<\/span><br><br><span><span class=\"wpcf7-form-control-wrap\" data-name=\"acceptance-414\"><span class=\"wpcf7-form-control wpcf7-acceptance\"><span class=\"wpcf7-list-item\"><input type=\"checkbox\" name=\"acceptance-414\" value=\"1\" aria-invalid=\"false\" \/><\/span><\/span><\/span> Declaro, bajo mi propia responsabilidad, ser mayor de 18 a\u00f1os y respondo de manera exclusiva de la veracidad de dicha declaraci\u00f3n.<\/span><br><br><span><span class=\"wpcf7-form-control-wrap\" data-name=\"acceptance-415\"><span class=\"wpcf7-form-control wpcf7-acceptance\"><span class=\"wpcf7-list-item\"><input type=\"checkbox\" name=\"acceptance-415\" value=\"1\" aria-invalid=\"false\" \/><\/span><\/span><\/span> Acepto recibir la informaci\u00f3n que la entidad considere oportuno enviarme por correo electr\u00f3nico o medio de comunicaci\u00f3n electr\u00f3nica equivalente. (Es posible darse de baja en cualquier momento).<\/span><br><input type=\"submit\" value=\"Enviar\" class=\"wpcf7-form-control has-spinner wpcf7-submit\" \/><\/p>\n<div class=\"wpcf7-response-output\" aria-hidden=\"true\"><\/div><\/form><\/div><\/p>\n","protected":false},"author":1,"featured_media":0,"parent":0,"menu_order":0,"comment_status":"closed","ping_status":"closed","template":"","meta":{"_et_pb_use_builder":"on","_et_pb_old_content":"","_et_gb_content_width":""},"_links":{"self":[{"href":"https:\/\/rotulosotesa.com\/ca\/wp-json\/wp\/v2\/pages\/492"}],"collection":[{"href":"https:\/\/rotulosotesa.com\/ca\/wp-json\/wp\/v2\/pages"}],"about":[{"href":"https:\/\/rotulosotesa.com\/ca\/wp-json\/wp\/v2\/types\/page"}],"author":[{"embeddable":true,"href":"https:\/\/rotulosotesa.com\/ca\/wp-json\/wp\/v2\/users\/1"}],"replies":[{"embeddable":true,"href":"https:\/\/rotulosotesa.com\/ca\/wp-json\/wp\/v2\/comments?post=492"}],"version-history":[{"count":4,"href":"https:\/\/rotulosotesa.com\/ca\/wp-json\/wp\/v2\/pages\/492\/revisions"}],"predecessor-version":[{"id":652,"href":"https:\/\/rotulosotesa.com\/ca\/wp-json\/wp\/v2\/pages\/492\/revisions\/652"}],"wp:attachment":[{"href":"https:\/\/rotulosotesa.com\/ca\/wp-json\/wp\/v2\/media?parent=492"}],"curies":[{"name":"wp","href":"https:\/\/api.w.org\/{rel}","templated":true}]}}