{"id":503,"date":"2018-06-21T15:48:16","date_gmt":"2018-06-21T15:48:16","guid":{"rendered":"https:\/\/rotulosotesa.pilvia.site\/?page_id=503"},"modified":"2018-10-26T08:25:07","modified_gmt":"2018-10-26T08:25:07","slug":"nuestros-proyectos","status":"publish","type":"page","link":"https:\/\/rotulosotesa.com\/ca\/nuestros-proyectos\/","title":{"rendered":"Nuestros proyectos"},"content":{"rendered":"<p>[et_pb_section bb_built=&#8221;1&#8243; admin_label=&#8221;Hero Section&#8221; _builder_version=&#8221;3.5.1&#8243; use_background_color_gradient=&#8221;on&#8221; background_color_gradient_start=&#8221;rgba(244,244,244,0.71)&#8221; background_color_gradient_end=&#8221;rgba(244,240,233,0)&#8221; background_color_gradient_direction=&#8221;90deg&#8221; background_color_gradient_start_position=&#8221;30%&#8221; background_color_gradient_overlays_image=&#8221;on&#8221; background_image=&#8221;http:\/\/rotulosotesa.com\/wp-content\/uploads\/2018\/07\/bannertorutlos-1.jpg&#8221; custom_margin=&#8221;|||&#8221; custom_padding=&#8221;50px|0px|50px|0px|false|false&#8221; next_background_color=&#8221;#0c71c3&#8243;][et_pb_row admin_label=&#8221;Hero Area&#8221; custom_padding=&#8221;27px|0px|0px|0px&#8221; custom_padding_last_edited=&#8221;off|desktop&#8221; _builder_version=&#8221;3.0.92&#8243;][et_pb_column type=&#8221;4_4&#8243;][et_pb_text admin_label=&#8221;Hero Title&#8221; _builder_version=&#8221;3.5.1&#8243; text_font=&#8221;Playfair Display||||||||&#8221; text_font_size_last_edited=&#8221;off|desktop&#8221; header_font=&#8221;Alice||||||||&#8221; header_font_size=&#8221;80px&#8221; header_font_size_phone=&#8221;60px&#8221; header_font_size_last_edited=&#8221;on|phone&#8221; header_letter_spacing=&#8221;-3px&#8221; header_line_height=&#8221;1.1em&#8221; custom_margin=&#8221;||0px|&#8221; custom_padding=&#8221;|||&#8221; animation_style=&#8221;slide&#8221; animation_direction=&#8221;left&#8221; animation_intensity_slide=&#8221;5%&#8221; animation_starting_opacity=&#8221;100%&#8221; header_text_shadow_style=&#8221;preset1&#8243; header_text_shadow_color=&#8221;#0c71c3&#8243;]<\/p>\n<h1>Proyectos<\/h1>\n<p>[\/et_pb_text][\/et_pb_column][\/et_pb_row][\/et_pb_section][et_pb_section bb_built=&#8221;1&#8243; _builder_version=&#8221;3.5.1&#8243; background_color=&#8221;#0c71c3&#8243; box_shadow_style=&#8221;preset3&#8243; custom_padding=&#8221;26px|0px|3px|0px|false|false&#8221; prev_background_color=&#8221;#ffffff&#8221; next_background_color=&#8221;rgba(12,113,195,0.6)&#8221;][\/et_pb_section][et_pb_section bb_built=&#8221;1&#8243; admin_label=&#8221;Gallery Section&#8221; _builder_version=&#8221;3.5.1&#8243; background_color=&#8221;rgba(12,113,195,0.6)&#8221; use_background_color_gradient=&#8221;on&#8221; background_color_gradient_start=&#8221;rgba(255,255,255,0)&#8221; background_color_gradient_end=&#8221;#ffffff&#8221; custom_padding=&#8221;0px||90px|&#8221; prev_background_color=&#8221;#0c71c3&#8243;][et_pb_row custom_padding=&#8221;50px|0px|27px|0px|false|false&#8221; _builder_version=&#8221;3.0.92&#8243;][et_pb_column type=&#8221;4_4&#8243;][et_pb_text _builder_version=&#8221;3.5.1&#8243;]<\/p>\n<h1><strong>Marquesinas<\/strong><\/h1>\n<p>[\/et_pb_text][et_pb_text _builder_version=&#8221;3.5.1&#8243;]<\/p>\n<p>Expertos en el montaje de\u00a0<b>marquesinas<\/b>, tanto para hoteles, negocios, gasolineras, etc&#8230;<\/p>\n<div id=\"galeria-imagenes\"><\/div>\n<p>[\/et_pb_text][et_pb_gallery gallery_ids=&#8221;262,265,258,268,705,260,261,263,264,266,267,259,269,270,271&#8243; show_title_and_caption=&#8221;off&#8221; _builder_version=&#8221;3.5.1&#8243; zoom_icon_color=&#8221;#2ea3f2&#8243; hover_overlay_color=&#8221;rgba(255,255,255,0.9)&#8221;]<\/p>\n<p>&nbsp;<\/p>\n<p>[\/et_pb_gallery][et_pb_text _builder_version=&#8221;3.5.1&#8243;]<\/p>\n<h1><strong>Corp\u00f3reos<\/strong><\/h1>\n<p>[\/et_pb_text][et_pb_text _builder_version=&#8221;3.5.1&#8243;]<\/p>\n<p>Podemos fabricar cualquier letra para\u00a0<b>r\u00f3tulos corp\u00f3reos<\/b>, sin luz, retro-iluminada o con luz interna mediante ne\u00f3n, en cualquier material y tipograf\u00eda.<\/p>\n<p>Desde\u00a0<b>r\u00f3tulos corp\u00f3reos<\/b>\u00a0de 3cm de altura en PVC, hasta las m\u00e1s grandes de aluminio o acero cepillado, este tipo de\u00a0<b>r\u00f3tulos<\/b>\u00a0son muy elegantes y representativos, tanto para interior como exterior.<\/p>\n<p>[\/et_pb_text][et_pb_gallery gallery_ids=&#8221;290,295,286,279,303,282,275,276,277,278,280,281,283,284,285,287,288,289,291,292,293,294,296,297,298,299,300,301,302,304,305&#8243; show_title_and_caption=&#8221;off&#8221; _builder_version=&#8221;3.5.1&#8243;]<\/p>\n<p>&nbsp;<\/p>\n<p>[\/et_pb_gallery][et_pb_text _builder_version=&#8221;3.5.1&#8243;]<\/p>\n<h1><strong>Frontales<\/strong><\/h1>\n<p>[\/et_pb_text][et_pb_text _builder_version=&#8221;3.5.1&#8243;]<\/p>\n<p>Una grama amplia en cuanto a\u00a0<b>rotulos frontales<\/b>,\u00a0<b>letreros luminosos<\/b>,\u00a0<b>carteles luminosos<\/b>, todos hechos a la medida. Sabemos adaptar la produccion a la demanda<\/p>\n<div id=\"galeria-imagenes\"><\/div>\n<div id=\"galeria-imagenes\"><\/div>\n<p>[\/et_pb_text][et_pb_gallery gallery_ids=&#8221;699,327,318,312,311,313,314,315,316,696,317,319,320,321,322,323,324,325,326&#8243; show_title_and_caption=&#8221;off&#8221; _builder_version=&#8221;3.5.1&#8243; zoom_icon_color=&#8221;#2ea3f2&#8243; hover_overlay_color=&#8221;rgba(255,255,255,0.9)&#8221;]<\/p>\n<p>&nbsp;<\/p>\n<p>[\/et_pb_gallery][et_pb_text _builder_version=&#8221;3.5.1&#8243;]<\/p>\n<h1><strong>Monolitos y totems<\/strong><\/h1>\n<p>[\/et_pb_text][et_pb_text _builder_version=&#8221;3.5.1&#8243;]<\/p>\n<p>Expertos en\u00a0<b>monolitos y t\u00f3tems<\/b>, tanto para gasolineras, parkings&#8230; De cualquier tama\u00f1o, tanto exterior como interior.<\/p>\n<div id=\"galeria-imagenes\"><\/div>\n<p>[\/et_pb_text][et_pb_gallery gallery_ids=&#8221;333,336,338,346,330,331,332,334,335,337,339,340,341,342,343,344,345,347&#8243; show_title_and_caption=&#8221;off&#8221; _builder_version=&#8221;3.5.1&#8243;]<\/p>\n<p>&nbsp;<\/p>\n<p>[\/et_pb_gallery][et_pb_text _builder_version=&#8221;3.5.1&#8243;]<\/p>\n<h1><strong>Cajones luminosos<\/strong><\/h1>\n<p>[\/et_pb_text][et_pb_text _builder_version=&#8221;3.5.1&#8243;]<\/p>\n<p>Expertos en\u00a0<b>cajones luminosos<\/b>, tanto para interior (cc, establecimientos), como exterior.<\/p>\n<div id=\"galeria-imagenes\"><\/div>\n<p>[\/et_pb_text][et_pb_gallery gallery_ids=&#8221;350,360,361,358,363,351,352,353,354,355,356,357,359,362,364&#8243; show_title_and_caption=&#8221;off&#8221; _builder_version=&#8221;3.5.1&#8243;]<\/p>\n<p>&nbsp;<\/p>\n<p>[\/et_pb_gallery][et_pb_text _builder_version=&#8221;3.5.1&#8243;]<\/p>\n<h1><strong>Rotulaci\u00f3n de veh\u00edculos<\/strong><\/h1>\n<p>[\/et_pb_text][et_pb_text _builder_version=&#8221;3.5.1&#8243;]<\/p>\n<p><b>Rotulamos todo tipo de vehiculos<\/b>, utilitarios, furgonetas de gran tama\u00f1o o peque\u00f1as, camiones, etc&#8230;<\/p>\n<div id=\"galeria-imagenes\"><\/div>\n<p>[\/et_pb_text][et_pb_gallery gallery_ids=&#8221;367,368,369,370,371,372,373,374,375,376,377,378&#8243; show_title_and_caption=&#8221;off&#8221; _builder_version=&#8221;3.5.1&#8243;]<\/p>\n<p>&nbsp;<\/p>\n<p>[\/et_pb_gallery][et_pb_text _builder_version=&#8221;3.5.1&#8243;]<\/p>\n<h1><strong>Iluminaci\u00f3n<\/strong><\/h1>\n<p>[\/et_pb_text][et_pb_text _builder_version=&#8221;3.5.1&#8243;]<\/p>\n<p>R\u00e8tols Otesa, desde el a\u00f1o 1969, fabrica todo tipo de\u00a0<b>ne\u00f3n<\/b>\u00a0para la industria y comercios.<\/p>\n<div id=\"galeria-imagenes\"><\/div>\n<p>[\/et_pb_text][et_pb_gallery gallery_ids=&#8221;381,382,383,386,384,385&#8243; show_title_and_caption=&#8221;off&#8221; _builder_version=&#8221;3.5.1&#8243;]<\/p>\n<p>&nbsp;<\/p>\n<p>[\/et_pb_gallery][et_pb_text _builder_version=&#8221;3.5.1&#8243;]<\/p>\n<h1><strong>Banderolas<\/strong><\/h1>\n<p>[\/et_pb_text][et_pb_text _builder_version=&#8221;3.5.1&#8243;]<\/p>\n<p>Expertos en\u00a0<b>banderolas<\/b>, tanto para exterior como interior, con iluminaci\u00f3n o sin ella.<\/p>\n<div id=\"galeria-imagenes\"><\/div>\n<p>[\/et_pb_text][et_pb_gallery gallery_ids=&#8221;389,390,393,391,392,394&#8243; show_title_and_caption=&#8221;off&#8221; _builder_version=&#8221;3.5.1&#8243;]<\/p>\n<p>&nbsp;<\/p>\n<p>[\/et_pb_gallery][et_pb_text _builder_version=&#8221;3.5.1&#8243;]<\/p>\n<h1><strong>Decoraci\u00f3n vinilo<\/strong><\/h1>\n<p>[\/et_pb_text][et_pb_text _builder_version=&#8221;3.5.1&#8243;]<\/p>\n<p>Somos expertos en la\u00a0<b>decoraci\u00f3n con vinilo<\/b>, tanto para exterior como interior, con una gran variedad de dise\u00f1os y con una excelente calidad.<\/p>\n<div id=\"galeria-imagenes\"><\/div>\n<p>[\/et_pb_text][et_pb_gallery gallery_ids=&#8221;397,702,402,410,396,395,398,399,400,401,403,404,405,406,407,408,409&#8243; show_title_and_caption=&#8221;off&#8221; _builder_version=&#8221;3.5.1&#8243; zoom_icon_color=&#8221;#2ea3f2&#8243; hover_overlay_color=&#8221;rgba(255,255,255,0.9)&#8221;]<\/p>\n<p>&nbsp;<\/p>\n<p>[\/et_pb_gallery][\/et_pb_column][\/et_pb_row][\/et_pb_section]<\/p>\n","protected":false},"excerpt":{"rendered":"<p>Proyectos Marquesinas Expertos en el montaje de\u00a0marquesinas, tanto para hoteles, negocios, gasolineras, etc&#8230; &nbsp; Corp\u00f3reos Podemos fabricar cualquier letra para\u00a0r\u00f3tulos corp\u00f3reos, sin luz, retro-iluminada o con luz interna mediante ne\u00f3n, en cualquier material y tipograf\u00eda. Desde\u00a0r\u00f3tulos corp\u00f3reos\u00a0de 3cm de altura en PVC, hasta las m\u00e1s grandes de aluminio o acero cepillado, este tipo de\u00a0r\u00f3tulos\u00a0son muy [&hellip;]<\/p>\n","protected":false},"author":1,"featured_media":0,"parent":0,"menu_order":0,"comment_status":"closed","ping_status":"closed","template":"","meta":{"_et_pb_use_builder":"on","_et_pb_old_content":"","_et_gb_content_width":""},"_links":{"self":[{"href":"https:\/\/rotulosotesa.com\/ca\/wp-json\/wp\/v2\/pages\/503"}],"collection":[{"href":"https:\/\/rotulosotesa.com\/ca\/wp-json\/wp\/v2\/pages"}],"about":[{"href":"https:\/\/rotulosotesa.com\/ca\/wp-json\/wp\/v2\/types\/page"}],"author":[{"embeddable":true,"href":"https:\/\/rotulosotesa.com\/ca\/wp-json\/wp\/v2\/users\/1"}],"replies":[{"embeddable":true,"href":"https:\/\/rotulosotesa.com\/ca\/wp-json\/wp\/v2\/comments?post=503"}],"version-history":[{"count":10,"href":"https:\/\/rotulosotesa.com\/ca\/wp-json\/wp\/v2\/pages\/503\/revisions"}],"predecessor-version":[{"id":707,"href":"https:\/\/rotulosotesa.com\/ca\/wp-json\/wp\/v2\/pages\/503\/revisions\/707"}],"wp:attachment":[{"href":"https:\/\/rotulosotesa.com\/ca\/wp-json\/wp\/v2\/media?parent=503"}],"curies":[{"name":"wp","href":"https:\/\/api.w.org\/{rel}","templated":true}]}}