{"id":514,"date":"2018-06-20T09:18:06","date_gmt":"2018-06-20T09:18:06","guid":{"rendered":"https:\/\/rotulosotesa.pilvia.site\/?page_id=514"},"modified":"2018-10-22T13:47:01","modified_gmt":"2018-10-22T13:47:01","slug":"que-hacemos","status":"publish","type":"page","link":"https:\/\/rotulosotesa.com\/ca\/que-hacemos\/","title":{"rendered":"Qu\u00e9 hacemos"},"content":{"rendered":"<p>[et_pb_section bb_built=&#8221;1&#8243; admin_label=&#8221;Hero Section&#8221; _builder_version=&#8221;3.5.1&#8243; use_background_color_gradient=&#8221;on&#8221; background_color_gradient_start=&#8221;rgba(244,240,233,0.9)&#8221; background_color_gradient_end=&#8221;rgba(244,240,233,0)&#8221; background_color_gradient_direction=&#8221;90deg&#8221; background_color_gradient_start_position=&#8221;30%&#8221; background_color_gradient_overlays_image=&#8221;on&#8221; background_image=&#8221;http:\/\/rotulosotesa.com\/wp-content\/uploads\/2018\/06\/banner-pilvia-5.jpg&#8221; custom_margin=&#8221;|||&#8221; custom_padding=&#8221;50px|0px|50px|0px|false|false&#8221; next_background_color=&#8221;#0c71c3&#8243;][et_pb_row admin_label=&#8221;Hero Area&#8221; custom_padding=&#8221;14px|0px|0px|0px|false|false&#8221; custom_padding_last_edited=&#8221;off|desktop&#8221; _builder_version=&#8221;3.0.92&#8243;][et_pb_column type=&#8221;4_4&#8243;][et_pb_text admin_label=&#8221;Hero Title&#8221; _builder_version=&#8221;3.5.1&#8243; text_font=&#8221;Playfair Display||||||||&#8221; text_font_size_last_edited=&#8221;off|desktop&#8221; header_font=&#8221;Alice||||||||&#8221; header_font_size=&#8221;60px&#8221; header_font_size_phone=&#8221;60px&#8221; header_font_size_last_edited=&#8221;on|phone&#8221; header_letter_spacing=&#8221;-3px&#8221; header_line_height=&#8221;1.1em&#8221; header_text_shadow_style=&#8221;preset1&#8243; header_text_shadow_vertical_length=&#8221;0.09em&#8221; header_text_shadow_color=&#8221;#0c71c3&#8243; custom_margin=&#8221;-5px||0px|0px&#8221; custom_padding=&#8221;0px|||&#8221; animation_style=&#8221;slide&#8221; animation_direction=&#8221;left&#8221; animation_intensity_slide=&#8221;5%&#8221; animation_starting_opacity=&#8221;100%&#8221;]<\/p>\n<h1>Dise\u00f1o, creaci\u00f3n,<\/h1>\n<h1>montaje y instalaci\u00f3n<\/h1>\n<p>[\/et_pb_text][\/et_pb_column][\/et_pb_row][\/et_pb_section][et_pb_section bb_built=&#8221;1&#8243; admin_label=&#8221;Hero Section&#8221; _builder_version=&#8221;3.5.1&#8243; background_color=&#8221;#0c71c3&#8243; background_color_gradient_direction=&#8221;90deg&#8221; box_shadow_style=&#8221;preset2&#8243; custom_margin=&#8221;|||&#8221; custom_padding=&#8221;23px|0px|7px|0px|false|false&#8221; prev_background_color=&#8221;#ffffff&#8221; next_background_color=&#8221;rgba(12,113,195,0.6)&#8221;][\/et_pb_section][et_pb_section bb_built=&#8221;1&#8243; admin_label=&#8221;Blog Section&#8221; _builder_version=&#8221;3.5.1&#8243; background_color=&#8221;rgba(12,113,195,0.6)&#8221; use_background_color_gradient=&#8221;on&#8221; background_color_gradient_start=&#8221;rgba(255,255,255,0)&#8221; background_color_gradient_end=&#8221;#eaeaea&#8221; custom_padding=&#8221;0||0||false|false&#8221; prev_background_color=&#8221;#0c71c3&#8243;][et_pb_row custom_padding=&#8221;50px|0px|0|0px|false|false&#8221; _builder_version=&#8221;3.5.1&#8243; background_color=&#8221;#ffffff&#8221;][et_pb_column type=&#8221;4_4&#8243;][et_pb_blog show_more=&#8221;on&#8221; show_author=&#8221;off&#8221; show_date=&#8221;off&#8221; show_categories=&#8221;off&#8221; show_pagination=&#8221;off&#8221; _builder_version=&#8221;3.5.1&#8243; custom_margin=&#8221;|20px||20px&#8221;]<br \/>\n[\/et_pb_blog][et_pb_code _builder_version=&#8221;3.5.1&#8243; \/][\/et_pb_column][\/et_pb_row][\/et_pb_section]<\/p>\n","protected":false},"excerpt":{"rendered":"<p>Dise\u00f1o, creaci\u00f3n, montaje y instalaci\u00f3n<\/p>\n","protected":false},"author":1,"featured_media":0,"parent":0,"menu_order":0,"comment_status":"closed","ping_status":"closed","template":"","meta":{"_et_pb_use_builder":"on","_et_pb_old_content":"","_et_gb_content_width":""},"_links":{"self":[{"href":"https:\/\/rotulosotesa.com\/ca\/wp-json\/wp\/v2\/pages\/514"}],"collection":[{"href":"https:\/\/rotulosotesa.com\/ca\/wp-json\/wp\/v2\/pages"}],"about":[{"href":"https:\/\/rotulosotesa.com\/ca\/wp-json\/wp\/v2\/types\/page"}],"author":[{"embeddable":true,"href":"https:\/\/rotulosotesa.com\/ca\/wp-json\/wp\/v2\/users\/1"}],"replies":[{"embeddable":true,"href":"https:\/\/rotulosotesa.com\/ca\/wp-json\/wp\/v2\/comments?post=514"}],"version-history":[{"count":5,"href":"https:\/\/rotulosotesa.com\/ca\/wp-json\/wp\/v2\/pages\/514\/revisions"}],"predecessor-version":[{"id":693,"href":"https:\/\/rotulosotesa.com\/ca\/wp-json\/wp\/v2\/pages\/514\/revisions\/693"}],"wp:attachment":[{"href":"https:\/\/rotulosotesa.com\/ca\/wp-json\/wp\/v2\/media?parent=514"}],"curies":[{"name":"wp","href":"https:\/\/api.w.org\/{rel}","templated":true}]}}